{"id":6916,"date":"2020-10-23T13:29:44","date_gmt":"2020-10-23T17:29:44","guid":{"rendered":"http:\/\/www.colegiohsa.cl\/?page_id=6916"},"modified":"2020-10-23T13:29:44","modified_gmt":"2020-10-23T17:29:44","slug":"plan-de-mejoramiento-2020-2","status":"publish","type":"page","link":"https:\/\/www.colegiohsa.cl\/?page_id=6916","title":{"rendered":"Plan de Mejoramiento 2020"},"content":{"rendered":"<h2 style=\"text-align: center;\"><strong>RECURSOS SEP \u2013 PLAN DE MEJORAMIENTO<\/strong><\/h2>\n<h2 style=\"text-align: center;\"><strong>LEY 20.248<\/strong><\/h2>\n<p><strong>\u00a0<\/strong><\/p>\n<p style=\"text-align: justify;\">Estimada Comunidad escolar, considerando el contexto actual que se vive a nivel mundial, producto de la pandemia, hacemos llegar a trav\u00e9s del presente documento, a modo de s\u00edntesis, las acciones del PME 2020.<strong>\u00a0<\/strong><\/p>\n<ul style=\"text-align: justify;\">\n<li><strong>\u00bfQU\u00c9 ES EL PLAN DE MEJORAMIENTO?<\/strong><\/li>\n<\/ul>\n<p style=\"text-align: justify;\">El Plan de Mejoramiento Educativo es un instrumento de planificaci\u00f3n estrat\u00e9gica que le permite al establecimiento educacional organizar de manera sist\u00e9mica e integrada los objetivos, metas y acciones para el mejoramiento de los aprendizajes de todas las estudiantes.<\/p>\n<p style=\"text-align: justify;\">En el Plan de Mejoramiento se abordan las cuatro dimensiones de proceso educativo, estas son:\u00a0Gesti\u00f3n Pedag\u00f3gica,\u00a0Liderazgo,\u00a0Convivencia escolar y Gesti\u00f3n de Recursos.<\/p>\n<p style=\"text-align: center;\"><strong>\u201cTODAS LAS ACCIONES INCLUIDAS EN EL PME SON FINANCIADAS CON RECURSOS SEP\u201d<\/strong><\/p>\n<p><a href=\"http:\/\/www.colegiohsa.cl\/wp-content\/uploads\/foto-1.jpg\" rel=\"lightbox[6916]\"><img data-attachment-id=\"6909\" data-permalink=\"https:\/\/www.colegiohsa.cl\/?attachment_id=6909\" data-orig-file=\"https:\/\/www.colegiohsa.cl\/wp-content\/uploads\/foto-1.jpg\" data-orig-size=\"663,445\" data-comments-opened=\"0\" data-image-meta=\"{&quot;aperture&quot;:&quot;0&quot;,&quot;credit&quot;:&quot;&quot;,&quot;camera&quot;:&quot;&quot;,&quot;caption&quot;:&quot;&quot;,&quot;created_timestamp&quot;:&quot;0&quot;,&quot;copyright&quot;:&quot;&quot;,&quot;focal_length&quot;:&quot;0&quot;,&quot;iso&quot;:&quot;0&quot;,&quot;shutter_speed&quot;:&quot;0&quot;,&quot;title&quot;:&quot;&quot;,&quot;orientation&quot;:&quot;0&quot;}\" data-image-title=\"foto 1\" data-image-description=\"\" data-image-caption=\"\" data-medium-file=\"https:\/\/www.colegiohsa.cl\/wp-content\/uploads\/foto-1-300x201.jpg\" data-large-file=\"https:\/\/www.colegiohsa.cl\/wp-content\/uploads\/foto-1.jpg\" loading=\"lazy\" class=\"size-full wp-image-6909 aligncenter\" src=\"http:\/\/www.colegiohsa.cl\/wp-content\/uploads\/foto-1.jpg\" alt=\"foto 1\" width=\"663\" height=\"445\" srcset=\"https:\/\/www.colegiohsa.cl\/wp-content\/uploads\/foto-1.jpg 663w, https:\/\/www.colegiohsa.cl\/wp-content\/uploads\/foto-1-300x201.jpg 300w\" sizes=\"(max-width: 663px) 100vw, 663px\" \/><\/a><\/p>\n<p><a href=\"http:\/\/www.colegiohsa.cl\/wp-content\/uploads\/2020\/RECURSOS SEP.pdf\" target=\"_blank\">Plan de Mejoramiento &#8211; Recursos SEP<\/a><\/p>\n","protected":false},"excerpt":{"rendered":"<p>RECURSOS SEP \u2013 PLAN DE MEJORAMIENTO LEY 20.248 \u00a0 Estimada Comunidad escolar, considerando el contexto actual que se vive a nivel mundial, producto de la pandemia, hacemos llegar a trav\u00e9s del presente documento, a modo de s\u00edntesis, las acciones del PME 2020.\u00a0 \u00bfQU\u00c9 ES EL PLAN DE MEJORAMIENTO? El Plan de Mejoramiento Educativo es un <a class=\"read-more\" href=\"https:\/\/www.colegiohsa.cl\/?page_id=6916\">Continuar Leyendo&#8230;<\/a><\/p>\n","protected":false},"author":7,"featured_media":0,"parent":0,"menu_order":0,"comment_status":"closed","ping_status":"closed","template":"","meta":{"spay_email":""},"_links":{"self":[{"href":"https:\/\/www.colegiohsa.cl\/index.php?rest_route=\/wp\/v2\/pages\/6916"}],"collection":[{"href":"https:\/\/www.colegiohsa.cl\/index.php?rest_route=\/wp\/v2\/pages"}],"about":[{"href":"https:\/\/www.colegiohsa.cl\/index.php?rest_route=\/wp\/v2\/types\/page"}],"author":[{"embeddable":true,"href":"https:\/\/www.colegiohsa.cl\/index.php?rest_route=\/wp\/v2\/users\/7"}],"replies":[{"embeddable":true,"href":"https:\/\/www.colegiohsa.cl\/index.php?rest_route=%2Fwp%2Fv2%2Fcomments&post=6916"}],"version-history":[{"count":3,"href":"https:\/\/www.colegiohsa.cl\/index.php?rest_route=\/wp\/v2\/pages\/6916\/revisions"}],"predecessor-version":[{"id":6920,"href":"https:\/\/www.colegiohsa.cl\/index.php?rest_route=\/wp\/v2\/pages\/6916\/revisions\/6920"}],"wp:attachment":[{"href":"https:\/\/www.colegiohsa.cl\/index.php?rest_route=%2Fwp%2Fv2%2Fmedia&parent=6916"}],"curies":[{"name":"wp","href":"https:\/\/api.w.org\/{rel}","templated":true}]}}