{"id":4058,"date":"2015-10-13T22:33:37","date_gmt":"2015-10-14T02:33:37","guid":{"rendered":"http:\/\/colegiohsa.cl\/?page_id=4058"},"modified":"2020-06-05T02:18:37","modified_gmt":"2020-06-05T05:18:37","slug":"congregacion-2","status":"publish","type":"page","link":"https:\/\/www.colegiohsa.cl\/?page_id=4058","title":{"rendered":"Hijas de Santa Ana"},"content":{"rendered":"<p>En el a\u00f1o 2016 se celebraron los 150 a\u00f1os de vida de la Congregaci\u00f3n Hijas de Santa Ana que siguiendo el carisma de Madre Rosa Gattorno de pobreza, donaci\u00f3n materna y esp\u00edritu de familia, gestan y acompa\u00f1an a nuestra Comunidad.<\/p>\n<p>Su fundadora, la Beata Madre Rosa Gattorno, fue una viuda y madre de tres hijos, y fue en ese camino que encontr\u00f3 el amor en total donaci\u00f3n a Dios y al pr\u00f3jimo. A diferencia de las mujeres de su \u00e9poca, tuvo que tomar una gran decisi\u00f3n al emprender la tarea de ayudar a los pobres con una voluntad inquebrantable y con la creaci\u00f3n de orfelinatos, hospitales, y escuelas.<\/p>\n<p>&nbsp;<\/p>\n<p>Tal como lo dijo el Papa P\u00edo IX en su encuentro con Madre Rosa, su esfuerzo y su trabajo se extiende r\u00e1pidamente por todo el mundo \u2018<em>como el vuelo de una paloma<\/em>\u2019 y, desde su fundaci\u00f3n en Plasencia el 8 de diciembre de 1866, se abren casas en Italia; en Am\u00e9rica en: Argentina, Bolivia, Brasil, Chile, Guatemala, M\u00e9xico y Per\u00fa; en \u00c1frica en: Angola, Etiop\u00eda, Eritrea, Kenya; en Asia: India, Filipinas, Israel, Palestina; y en Australia. As\u00ed es como el carisma que Madre Rosa nos entrega de donaci\u00f3n materna, esp\u00edritu de familia y pobreza, se convierte en un signo del amor de Dios en nuestro mundo.<\/p>\n<p>&nbsp;<\/p>\n<p>Este ideario ha ido atravesando el trabajo de toda nuestra Comunidad que, con entrega y vocaci\u00f3n, caminan sobre las huellas de Madre Rosa para mantener vivo el esp\u00edritu de Familia.<\/p>\n<p style=\"text-align: center;\">\n<p style=\"text-align: center;\"><a href=\"http:\/\/www.colegiohsa.cl\/wp-content\/uploads\/ana-rosa-gattorno.jpg\" rel=\"lightbox[4058]\"><img data-attachment-id=\"5698\" data-permalink=\"https:\/\/www.colegiohsa.cl\/?attachment_id=5698\" data-orig-file=\"https:\/\/www.colegiohsa.cl\/wp-content\/uploads\/ana-rosa-gattorno.jpg\" data-orig-size=\"387,576\" data-comments-opened=\"0\" data-image-meta=\"{&quot;aperture&quot;:&quot;0&quot;,&quot;credit&quot;:&quot;Picasa 3.0&quot;,&quot;camera&quot;:&quot;&quot;,&quot;caption&quot;:&quot;&quot;,&quot;created_timestamp&quot;:&quot;0&quot;,&quot;copyright&quot;:&quot;&quot;,&quot;focal_length&quot;:&quot;0&quot;,&quot;iso&quot;:&quot;0&quot;,&quot;shutter_speed&quot;:&quot;0&quot;,&quot;title&quot;:&quot;&quot;,&quot;orientation&quot;:&quot;0&quot;}\" data-image-title=\"ana-rosa-gattorno\" data-image-description=\"\" data-image-caption=\"\" data-medium-file=\"https:\/\/www.colegiohsa.cl\/wp-content\/uploads\/ana-rosa-gattorno-202x300.jpg\" data-large-file=\"https:\/\/www.colegiohsa.cl\/wp-content\/uploads\/ana-rosa-gattorno.jpg\" loading=\"lazy\" class=\"alignnone size-medium wp-image-5698\" src=\"http:\/\/www.colegiohsa.cl\/wp-content\/uploads\/ana-rosa-gattorno-202x300.jpg\" alt=\"ana-rosa-gattorno\" width=\"202\" height=\"300\" srcset=\"https:\/\/www.colegiohsa.cl\/wp-content\/uploads\/ana-rosa-gattorno-202x300.jpg 202w, https:\/\/www.colegiohsa.cl\/wp-content\/uploads\/ana-rosa-gattorno.jpg 387w\" sizes=\"(max-width: 202px) 100vw, 202px\" \/><\/a><\/p>\n","protected":false},"excerpt":{"rendered":"<p>En el a\u00f1o 2016 se celebraron los 150 a\u00f1os de vida de la Congregaci\u00f3n Hijas de Santa Ana que siguiendo el carisma de Madre Rosa Gattorno de pobreza, donaci\u00f3n materna y esp\u00edritu de familia, gestan y acompa\u00f1an a nuestra Comunidad. Su fundadora, la Beata Madre Rosa Gattorno, fue una viuda y madre de tres hijos, <a class=\"read-more\" href=\"https:\/\/www.colegiohsa.cl\/?page_id=4058\">Continuar Leyendo&#8230;<\/a><\/p>\n","protected":false},"author":1,"featured_media":0,"parent":0,"menu_order":0,"comment_status":"closed","ping_status":"open","template":"","meta":{"spay_email":""},"_links":{"self":[{"href":"https:\/\/www.colegiohsa.cl\/index.php?rest_route=\/wp\/v2\/pages\/4058"}],"collection":[{"href":"https:\/\/www.colegiohsa.cl\/index.php?rest_route=\/wp\/v2\/pages"}],"about":[{"href":"https:\/\/www.colegiohsa.cl\/index.php?rest_route=\/wp\/v2\/types\/page"}],"author":[{"embeddable":true,"href":"https:\/\/www.colegiohsa.cl\/index.php?rest_route=\/wp\/v2\/users\/1"}],"replies":[{"embeddable":true,"href":"https:\/\/www.colegiohsa.cl\/index.php?rest_route=%2Fwp%2Fv2%2Fcomments&post=4058"}],"version-history":[{"count":6,"href":"https:\/\/www.colegiohsa.cl\/index.php?rest_route=\/wp\/v2\/pages\/4058\/revisions"}],"predecessor-version":[{"id":5699,"href":"https:\/\/www.colegiohsa.cl\/index.php?rest_route=\/wp\/v2\/pages\/4058\/revisions\/5699"}],"wp:attachment":[{"href":"https:\/\/www.colegiohsa.cl\/index.php?rest_route=%2Fwp%2Fv2%2Fmedia&parent=4058"}],"curies":[{"name":"wp","href":"https:\/\/api.w.org\/{rel}","templated":true}]}}