{"id":3364,"date":"2015-04-06T22:52:46","date_gmt":"2015-04-07T02:52:46","guid":{"rendered":"http:\/\/colegiohsa.cl\/?page_id=3364"},"modified":"2026-03-23T12:57:45","modified_gmt":"2026-03-23T15:57:45","slug":"consejo-escolar","status":"publish","type":"page","link":"https:\/\/www.colegiohsa.cl\/?page_id=3364","title":{"rendered":"Consejo Escolar"},"content":{"rendered":"<p><strong>Directora y Sostenedora<\/strong>: <em>Hermana Adela Espinoza Z.<\/em><\/p>\n<p><strong>Inspectora General:<\/strong> <em>Sra. Yuset Boisier P.<\/em><\/p>\n<p><strong>Jefe Unidad T\u00e9cnico Pedag\u00f3gica (UTP) Ense\u00f1anza B\u00e1sica:<\/strong> <em>Sra. Paulina Verdugo G.<\/em><\/p>\n<p><strong>Jefe Unidad T\u00e9cnico Pedag\u00f3gica (UTP) Ense\u00f1anza Media:<\/strong> <em>Srta. Mar\u00eda Abarca M.<\/em><\/p>\n<p><strong>Coordinadora Equipo Psicosocial<\/strong>: <em>Sra. Mar\u00eda Pizarro L.<\/em><\/p>\n<p><strong>Encargada Convivencia Escolar<\/strong>: <em>Srta. Carmen Godoy T.<\/em><\/p>\n<p><strong>Representante de los Profesores:<\/strong> <em>Srta. Laura Alveal V.<\/em><\/p>\n<p><strong>Coordinadora Equipo de Integraci\u00f3n:<\/strong> <em>Sra. Ana Sandoval M.<\/em><\/p>\n<p><strong>Representante de los Asistentes de la Educaci\u00f3n:<\/strong> <em>Sra. Jemimah Oyanedel T.<\/em><\/p>\n<p><strong>Presidenta Centro General de Padres:<\/strong> <em>Sra. Alejandra Labrin T.<\/em><\/p>\n<p><strong>Presidenta Centro Estudiantil:<\/strong> <em>Srta. Antonia Vald\u00e9s F.<\/em><\/p>\n<p><strong>Coordinadora Pastoral:<\/strong> <em>Sra. Mar\u00eda In\u00e9s Pavez R.<\/em><\/p>\n<p><strong>Asesora Centro Estudiantil:<\/strong> <em>Srta. Mariela Cerda V.<\/em><\/p>\n<p><strong>Coordinadora SEP<\/strong>: <em>Sra. M\u00f3nica Rojas M.<\/em><\/p>\n<p>La ley 19.979 de Jornada Escolar Completa Diurna crea los Consejos Escolares para todos los establecimientos subvencionados del pa\u00eds. Su formaci\u00f3n es obligatoria, por ello, el Consejo Escolar es el espacio participativo integrado a las escuelas y liceos de Chile como la instancia que resguarda la mirada de todos los miembros de la comunidad educativa: sostenedores, directivos, docentes, padres, madres y apoderados\/as, estudiantes, asistentes de la educaci\u00f3n. Todos\/as, con roles enmarcados en derechos y deberes, resguardando la participan activa y representativa de cada uno\/a, logrando con esto, trabajar sobre la realidad de cada comunidad y lograr acuerdos que fortalezcan la calidad de la educaci\u00f3n de nuestros j\u00f3venes.<\/p>\n<p>El Consejo Escolar tiene una responsabilidad especial por su car\u00e1cter representativo. Por esto, tiene que encargarse de generar en la escuela espacios de formaci\u00f3n, participaci\u00f3n, y propiciar el fortalecimiento del encuentro interestamental y las confianzas institucionales, vale decir, validar el trabajo en equipo, valorar la opini\u00f3n de otros\/as y consensuar y construir acuerdos.<\/p>\n","protected":false},"excerpt":{"rendered":"<p>Directora y Sostenedora: Hermana Adela Espinoza Z. Inspectora General: Sra. Yuset Boisier P. Jefe Unidad T\u00e9cnico Pedag\u00f3gica (UTP) Ense\u00f1anza B\u00e1sica: Sra. Paulina Verdugo G. Jefe Unidad T\u00e9cnico Pedag\u00f3gica (UTP) Ense\u00f1anza Media: Srta. Mar\u00eda Abarca M. Coordinadora Equipo Psicosocial: Sra. Mar\u00eda Pizarro L. Encargada Convivencia Escolar: Srta. Carmen Godoy T. Representante de los Profesores: Srta. Laura <a class=\"read-more\" href=\"https:\/\/www.colegiohsa.cl\/?page_id=3364\">Continuar Leyendo&#8230;<\/a><\/p>\n","protected":false},"author":1,"featured_media":0,"parent":0,"menu_order":0,"comment_status":"closed","ping_status":"open","template":"","meta":{"spay_email":""},"_links":{"self":[{"href":"https:\/\/www.colegiohsa.cl\/index.php?rest_route=\/wp\/v2\/pages\/3364"}],"collection":[{"href":"https:\/\/www.colegiohsa.cl\/index.php?rest_route=\/wp\/v2\/pages"}],"about":[{"href":"https:\/\/www.colegiohsa.cl\/index.php?rest_route=\/wp\/v2\/types\/page"}],"author":[{"embeddable":true,"href":"https:\/\/www.colegiohsa.cl\/index.php?rest_route=\/wp\/v2\/users\/1"}],"replies":[{"embeddable":true,"href":"https:\/\/www.colegiohsa.cl\/index.php?rest_route=%2Fwp%2Fv2%2Fcomments&post=3364"}],"version-history":[{"count":16,"href":"https:\/\/www.colegiohsa.cl\/index.php?rest_route=\/wp\/v2\/pages\/3364\/revisions"}],"predecessor-version":[{"id":14494,"href":"https:\/\/www.colegiohsa.cl\/index.php?rest_route=\/wp\/v2\/pages\/3364\/revisions\/14494"}],"wp:attachment":[{"href":"https:\/\/www.colegiohsa.cl\/index.php?rest_route=%2Fwp%2Fv2%2Fmedia&parent=3364"}],"curies":[{"name":"wp","href":"https:\/\/api.w.org\/{rel}","templated":true}]}}