{"id":3306,"date":"2015-03-30T22:49:13","date_gmt":"2015-03-31T02:49:13","guid":{"rendered":"http:\/\/colegiohsa.cl\/?page_id=3306"},"modified":"2020-06-20T23:48:53","modified_gmt":"2020-06-21T02:48:53","slug":"talleres-extra-escolares","status":"publish","type":"page","link":"https:\/\/www.colegiohsa.cl\/?page_id=3306","title":{"rendered":"Talleres Extra Escolares"},"content":{"rendered":"<p>Estimadas Alumnas: A continuaci\u00f3n podr\u00e1n encontrar todos los talleres con que cuenta Nuestro Colegio.<\/p>\n<p>Te invitamos a participar de ellos inscribi\u00e9ndote en<strong> \u00abAula Virtual\u00bb Secci\u00f3n Inscripci\u00f3n a Talleres SEP<\/strong>,\u00a0 podr\u00e1s inscribirte hasta en 3 Talleres de tu inter\u00e9s.<\/p>\n<p><em><strong>TE ESPERAMOS, ANIMATE!<\/strong><\/em><\/p>\n<p><a href=\"http:\/\/www.colegiohsa.cl\/wp-content\/uploads\/talleres-2020.png\" rel=\"lightbox[3306]\"><img data-attachment-id=\"5916\" data-permalink=\"https:\/\/www.colegiohsa.cl\/?attachment_id=5916\" data-orig-file=\"https:\/\/www.colegiohsa.cl\/wp-content\/uploads\/talleres-2020.png\" data-orig-size=\"756,475\" data-comments-opened=\"0\" data-image-meta=\"{&quot;aperture&quot;:&quot;0&quot;,&quot;credit&quot;:&quot;&quot;,&quot;camera&quot;:&quot;&quot;,&quot;caption&quot;:&quot;&quot;,&quot;created_timestamp&quot;:&quot;0&quot;,&quot;copyright&quot;:&quot;&quot;,&quot;focal_length&quot;:&quot;0&quot;,&quot;iso&quot;:&quot;0&quot;,&quot;shutter_speed&quot;:&quot;0&quot;,&quot;title&quot;:&quot;&quot;,&quot;orientation&quot;:&quot;0&quot;}\" data-image-title=\"talleres 2020\" data-image-description=\"\" data-image-caption=\"\" data-medium-file=\"https:\/\/www.colegiohsa.cl\/wp-content\/uploads\/talleres-2020-300x188.png\" data-large-file=\"https:\/\/www.colegiohsa.cl\/wp-content\/uploads\/talleres-2020.png\" loading=\"lazy\" class=\"alignnone size-full wp-image-5916\" src=\"http:\/\/www.colegiohsa.cl\/wp-content\/uploads\/talleres-2020.png\" alt=\"talleres 2020\" width=\"756\" height=\"475\" srcset=\"https:\/\/www.colegiohsa.cl\/wp-content\/uploads\/talleres-2020.png 756w, https:\/\/www.colegiohsa.cl\/wp-content\/uploads\/talleres-2020-300x188.png 300w\" sizes=\"(max-width: 756px) 100vw, 756px\" \/><\/a><\/p>\n","protected":false},"excerpt":{"rendered":"<p>Estimadas Alumnas: A continuaci\u00f3n podr\u00e1n encontrar todos los talleres con que cuenta Nuestro Colegio. Te invitamos a participar de ellos inscribi\u00e9ndote en \u00abAula Virtual\u00bb Secci\u00f3n Inscripci\u00f3n a Talleres SEP,\u00a0 podr\u00e1s inscribirte hasta en 3 Talleres de tu inter\u00e9s. TE ESPERAMOS, ANIMATE!<\/p>\n","protected":false},"author":1,"featured_media":0,"parent":0,"menu_order":0,"comment_status":"closed","ping_status":"open","template":"","meta":{"spay_email":""},"_links":{"self":[{"href":"https:\/\/www.colegiohsa.cl\/index.php?rest_route=\/wp\/v2\/pages\/3306"}],"collection":[{"href":"https:\/\/www.colegiohsa.cl\/index.php?rest_route=\/wp\/v2\/pages"}],"about":[{"href":"https:\/\/www.colegiohsa.cl\/index.php?rest_route=\/wp\/v2\/types\/page"}],"author":[{"embeddable":true,"href":"https:\/\/www.colegiohsa.cl\/index.php?rest_route=\/wp\/v2\/users\/1"}],"replies":[{"embeddable":true,"href":"https:\/\/www.colegiohsa.cl\/index.php?rest_route=%2Fwp%2Fv2%2Fcomments&post=3306"}],"version-history":[{"count":74,"href":"https:\/\/www.colegiohsa.cl\/index.php?rest_route=\/wp\/v2\/pages\/3306\/revisions"}],"predecessor-version":[{"id":6088,"href":"https:\/\/www.colegiohsa.cl\/index.php?rest_route=\/wp\/v2\/pages\/3306\/revisions\/6088"}],"wp:attachment":[{"href":"https:\/\/www.colegiohsa.cl\/index.php?rest_route=%2Fwp%2Fv2%2Fmedia&parent=3306"}],"curies":[{"name":"wp","href":"https:\/\/api.w.org\/{rel}","templated":true}]}}