{"id":3108,"date":"2015-03-25T19:12:39","date_gmt":"2015-03-25T23:12:39","guid":{"rendered":"http:\/\/colegiohsa.cl\/?page_id=3108"},"modified":"2021-07-18T21:39:23","modified_gmt":"2021-07-19T01:39:23","slug":"infancia-misionera","status":"publish","type":"page","link":"https:\/\/www.colegiohsa.cl\/?page_id=3108","title":{"rendered":"Infancia Misionera"},"content":{"rendered":"<p><em>Dirigido a alumnas de 1\u00ba y 2\u00aa b\u00e1sico, el objetivo de la infancia misionera es ayudar a despertar la conciencia misionera universal de los ni\u00f1os y adolescentes, de modo que, ayuden a otros ni\u00f1os con sus oraciones, sacrificios y aportaciones materiales.<\/em><\/p>\n<p><em>\u00a0<\/em><em>(Debido a las restricciones de la pandemia, no se est\u00e1 realizando la reuni\u00f3n de la Infancia Misionera.\u00a0 Apenas se puedan dar las facilidades para ello, se avisar\u00e1 oportunamente por las v\u00edas de comunicaci\u00f3n oficiales)<\/em><\/p>\n<p><a href=\"https:\/\/www.colegiohsa.cl\/wp-content\/uploads\/Infancia-misionera.jpg\" rel=\"lightbox[3108]\"><img data-attachment-id=\"7805\" data-permalink=\"https:\/\/www.colegiohsa.cl\/?attachment_id=7805\" data-orig-file=\"https:\/\/www.colegiohsa.cl\/wp-content\/uploads\/Infancia-misionera.jpg\" data-orig-size=\"257,248\" data-comments-opened=\"0\" data-image-meta=\"{&quot;aperture&quot;:&quot;0&quot;,&quot;credit&quot;:&quot;&quot;,&quot;camera&quot;:&quot;&quot;,&quot;caption&quot;:&quot;&quot;,&quot;created_timestamp&quot;:&quot;0&quot;,&quot;copyright&quot;:&quot;&quot;,&quot;focal_length&quot;:&quot;0&quot;,&quot;iso&quot;:&quot;0&quot;,&quot;shutter_speed&quot;:&quot;0&quot;,&quot;title&quot;:&quot;&quot;,&quot;orientation&quot;:&quot;0&quot;}\" data-image-title=\"Infancia misionera\" data-image-description=\"\" data-image-caption=\"\" data-medium-file=\"https:\/\/www.colegiohsa.cl\/wp-content\/uploads\/Infancia-misionera.jpg\" data-large-file=\"https:\/\/www.colegiohsa.cl\/wp-content\/uploads\/Infancia-misionera.jpg\" loading=\"lazy\" class=\"size-full wp-image-7805 aligncenter\" src=\"https:\/\/www.colegiohsa.cl\/wp-content\/uploads\/Infancia-misionera.jpg\" alt=\"\" width=\"257\" height=\"248\" \/><\/a><\/p>\n","protected":false},"excerpt":{"rendered":"<p>Dirigido a alumnas de 1\u00ba y 2\u00aa b\u00e1sico, el objetivo de la infancia misionera es ayudar a despertar la conciencia misionera universal de los ni\u00f1os y adolescentes, de modo que, ayuden a otros ni\u00f1os con sus oraciones, sacrificios y aportaciones materiales. \u00a0(Debido a las restricciones de la pandemia, no se est\u00e1 realizando la reuni\u00f3n de <a class=\"read-more\" href=\"https:\/\/www.colegiohsa.cl\/?page_id=3108\">Continuar Leyendo&#8230;<\/a><\/p>\n","protected":false},"author":1,"featured_media":0,"parent":0,"menu_order":0,"comment_status":"closed","ping_status":"open","template":"","meta":{"spay_email":""},"_links":{"self":[{"href":"https:\/\/www.colegiohsa.cl\/index.php?rest_route=\/wp\/v2\/pages\/3108"}],"collection":[{"href":"https:\/\/www.colegiohsa.cl\/index.php?rest_route=\/wp\/v2\/pages"}],"about":[{"href":"https:\/\/www.colegiohsa.cl\/index.php?rest_route=\/wp\/v2\/types\/page"}],"author":[{"embeddable":true,"href":"https:\/\/www.colegiohsa.cl\/index.php?rest_route=\/wp\/v2\/users\/1"}],"replies":[{"embeddable":true,"href":"https:\/\/www.colegiohsa.cl\/index.php?rest_route=%2Fwp%2Fv2%2Fcomments&post=3108"}],"version-history":[{"count":14,"href":"https:\/\/www.colegiohsa.cl\/index.php?rest_route=\/wp\/v2\/pages\/3108\/revisions"}],"predecessor-version":[{"id":7807,"href":"https:\/\/www.colegiohsa.cl\/index.php?rest_route=\/wp\/v2\/pages\/3108\/revisions\/7807"}],"wp:attachment":[{"href":"https:\/\/www.colegiohsa.cl\/index.php?rest_route=%2Fwp%2Fv2%2Fmedia&parent=3108"}],"curies":[{"name":"wp","href":"https:\/\/api.w.org\/{rel}","templated":true}]}}