{"id":2973,"date":"2015-03-21T19:01:48","date_gmt":"2015-03-21T23:01:48","guid":{"rendered":"http:\/\/colegiohsa.cl\/?page_id=2973"},"modified":"2026-03-23T14:11:21","modified_gmt":"2026-03-23T17:11:21","slug":"iii-medio","status":"publish","type":"page","link":"https:\/\/www.colegiohsa.cl\/?page_id=2973","title":{"rendered":"Terceros Medios"},"content":{"rendered":"<h2 style=\"text-align: left;\"><strong>III\u00b0 Medio A (T\u00e9cnico en Administraci\u00f3n) 2026<\/strong><\/h2>\n<p><strong>Profesora Jefe<\/strong><em style=\"font-weight: inherit;\"><strong>:<\/strong><\/em><em style=\"font-weight: inherit;\"> Srta. Magdalena D\u00edaz\u00a0 <\/em><strong style=\"font-style: inherit;\"><em>E-mail:<\/em><\/strong><em>\u00a0 magdalena.diaz@colegiohsa.cl<\/em><\/p>\n<p><strong>Inspectora de nivel:\u00a0<\/strong><em>Sra. Marcela Pinto\u00a0 <strong>E-mail:<\/strong> marcela.pinto@colegiohsa.cl<\/em><\/p>\n<hr \/>\n<h2 style=\"text-align: left;\"><strong>III\u00b0 Medio B (T\u00e9cnico en P\u00e1rvulo) 2026<\/strong><\/h2>\n<p><strong>Profesora Jefe<\/strong><em style=\"font-weight: inherit;\"><strong>:<\/strong><\/em><em style=\"font-weight: inherit;\">\u00a0 Srta. Valentina Brizuela\u00a0 <\/em><strong style=\"font-style: inherit;\"><em>E-mail:<\/em><\/strong><em>\u00a0 valentina.brizuela@colegiohsa.cl<\/em><\/p>\n<p><strong>Inspectora de nivel:\u00a0<\/strong><em>Sra. Marcela Pinto\u00a0 <strong>E-mail:<\/strong> marcela.pinto@colegiohsa.cl<\/em><\/p>\n<hr \/>\n","protected":false},"excerpt":{"rendered":"<p>III\u00b0 Medio A (T\u00e9cnico en Administraci\u00f3n) 2026 Profesora Jefe: Srta. Magdalena D\u00edaz\u00a0 E-mail:\u00a0 magdalena.diaz@colegiohsa.cl Inspectora de nivel:\u00a0Sra. Marcela Pinto\u00a0 E-mail: marcela.pinto@colegiohsa.cl III\u00b0 Medio B (T\u00e9cnico en P\u00e1rvulo) 2026 Profesora Jefe:\u00a0 Srta. Valentina Brizuela\u00a0 E-mail:\u00a0 valentina.brizuela@colegiohsa.cl Inspectora de nivel:\u00a0Sra. Marcela Pinto\u00a0 E-mail: marcela.pinto@colegiohsa.cl<\/p>\n","protected":false},"author":1,"featured_media":0,"parent":0,"menu_order":0,"comment_status":"closed","ping_status":"open","template":"","meta":{"spay_email":""},"_links":{"self":[{"href":"https:\/\/www.colegiohsa.cl\/index.php?rest_route=\/wp\/v2\/pages\/2973"}],"collection":[{"href":"https:\/\/www.colegiohsa.cl\/index.php?rest_route=\/wp\/v2\/pages"}],"about":[{"href":"https:\/\/www.colegiohsa.cl\/index.php?rest_route=\/wp\/v2\/types\/page"}],"author":[{"embeddable":true,"href":"https:\/\/www.colegiohsa.cl\/index.php?rest_route=\/wp\/v2\/users\/1"}],"replies":[{"embeddable":true,"href":"https:\/\/www.colegiohsa.cl\/index.php?rest_route=%2Fwp%2Fv2%2Fcomments&post=2973"}],"version-history":[{"count":18,"href":"https:\/\/www.colegiohsa.cl\/index.php?rest_route=\/wp\/v2\/pages\/2973\/revisions"}],"predecessor-version":[{"id":14514,"href":"https:\/\/www.colegiohsa.cl\/index.php?rest_route=\/wp\/v2\/pages\/2973\/revisions\/14514"}],"wp:attachment":[{"href":"https:\/\/www.colegiohsa.cl\/index.php?rest_route=%2Fwp%2Fv2%2Fmedia&parent=2973"}],"curies":[{"name":"wp","href":"https:\/\/api.w.org\/{rel}","templated":true}]}}