{"id":2743,"date":"2015-03-12T22:31:35","date_gmt":"2015-03-13T02:31:35","guid":{"rendered":"http:\/\/colegiohsa.cl\/?page_id=2743"},"modified":"2015-03-18T19:22:42","modified_gmt":"2015-03-18T23:22:42","slug":"administracion","status":"publish","type":"page","link":"https:\/\/www.colegiohsa.cl\/?page_id=2743","title":{"rendered":"Administraci\u00f3n"},"content":{"rendered":"<p><font size=\"3\"><br \/>\nESPECIALIDAD ADMINISTRACI\u00d3N <\/p>\n<p align=\"justify\">\nLa administraci\u00f3n est\u00e1 presente en todos los \u00e1mbitos de la actividad econ\u00f3mica. Es una funci\u00f3n imprescindible en todo tipo de empresas u organizaciones, sean p\u00fablicas o privadas, de cualquier tama\u00f1o. Incluye un amplio abanico de funciones y tareas de diferentes niveles de complejidad, que determinan asimismo diferentes niveles de preparaci\u00f3n y certificaci\u00f3n de los trabajadores. Todo esto configura un campo laboral amplio para los egresados de esta especialidad. Las actividades administrativas son particularmente intensas en tres sectores\n<\/p>\n<p align=\"justify\">\nLos t\u00e9cnicos en Administraci\u00f3n se desempe\u00f1an realizando los procesos operativos y de apoyo a las labores directivas y ejecutivas de empresas peque\u00f1as, medianas y grandes, de servicios y productivas, del sector privado y del sector p\u00fablico a nivel nacional, regional y municipal, en los departamentos de personal, bienestar, remuneraciones, contabilidad, comercial, marketing, bodega y producci\u00f3n u operaciones, as\u00ed como administrando su propia empresa. Dado el amplio espectro de funciones, tareas y ocupaciones relacionadas con la administraci\u00f3n, esta especialidad de la Educaci\u00f3n Media T\u00e9cnico-Profesional se ofrece en dos menciones, Log\u00edstica, y Recursos Humanos, que se describen m\u00e1s adelante. Ambas requieren, no obstante, un conjunto de competencias laborales comunes, a las cuales se agregan las propias de cada menci\u00f3n.<br \/>\nLas actividades administrativas son particularmente intensas en tres sectores:\n<\/p>\n<p align=\"justify\">\na. Sector de intermediaci\u00f3n financiera. Este sistema financiero es un conjunto de instituciones o entidades que ofrecen servicios tales como ingresar y rentabilizar el dinero, y acciones de financiamiento de diferentes tipos de proyectos.\n<\/p>\n<p align=\"justify\">\nb. Sector industrial. Aqu\u00ed se integran actividades como la de contabilidad, asesor\u00eda contable, tributaria, jur\u00eddica, auditor\u00edas, asesor\u00edas sobre organizaci\u00f3n y gesti\u00f3n empresarial.\n<\/p>\n<p align=\"justify\">\nc. Sector de administraci\u00f3n p\u00fablica. El objetivo de los profesionales que desarrollan su actividad en este sector es el de administrar y gestionar los recursos disponibles (materiales, econ\u00f3micos, financieros y humanos) en el \u00e1mbito p\u00fablico, y realizar las operaciones de gesti\u00f3n administrativa con arreglo a las normas de organizaci\u00f3n interna y a la legislaci\u00f3n vigente con eficacia, calidad de servicio y legalidad.<br \/>\nObjetivos de Aprendizaje de la Especialidad Al egreso de la Educaci\u00f3n Media T\u00e9cnico-Profesional, los estudiantes habr\u00e1n desarrollado las siguientes competencias:\n<\/p>\n<p align=\"justify\">\n1. Leer y utilizar informaci\u00f3n contable b\u00e1sica acerca de la marcha de la empresa, incluida informaci\u00f3n sobre importaciones y\/o exportaciones, de acuerdo a las normas internacionales de contabilidad (NIC) y de informaci\u00f3n financiera (NIIF) y a la legislaci\u00f3n tributaria vigente.\n<\/p>\n<p align=\"justify\">\n2. Elaborar un programa de actividades operativas de un departamento o \u00e1rea de una empresa, de acuerdo a orientaciones de la jefatura y\/o del plan estrat\u00e9gico de gesti\u00f3n, considerando recursos humanos, insumos, equipamiento, distribuci\u00f3n temporal y proyecci\u00f3n de resultados.\n<\/p>\n<p align=\"justify\">\n3. Hacer seguimiento y elaborar informes del desarrollo de un programa operativo de un departamento o \u00e1rea de una empresa, sobre la base de evidencias, aplicando t\u00e9cnicas apropiadas, considerando todos los elementos del programa.\n<\/p>\n<p align=\"justify\">\n4. Atender a clientes internos y externos de la empresa, de acuerdo a sus necesidades y demandas, aplicando t\u00e9cnicas de relaciones p\u00fablicas, de comunicaci\u00f3n oral y escrita, en forma presencial o a distancia, v\u00eda tel\u00e9fono, fax, correo electr\u00f3nico u otro medio.\n<\/p>\n<p align=\"justify\">\n5. Organizar y ordenar el lugar de trabajo, de acuerdo a t\u00e9cnicas y procedimientos que permitan disponer y recuperar informaci\u00f3n u objetos de manera oportuna para el desarrollo de las tareas.\n<\/p>\n<p align=\"justify\">\n6. Utilizar los equipos y herramientas tecnol\u00f3gicas utilizadas en la gesti\u00f3n administrativa, considerando un uso eficiente de la energ\u00eda, de los materiales y de los insumos\n<\/p>\n<p><\/font><\/p>\n","protected":false},"excerpt":{"rendered":"<p>ESPECIALIDAD ADMINISTRACI\u00d3N La administraci\u00f3n est\u00e1 presente en todos los \u00e1mbitos de la actividad econ\u00f3mica. Es una funci\u00f3n imprescindible en todo tipo de empresas u organizaciones, sean p\u00fablicas o privadas, de cualquier tama\u00f1o. Incluye un amplio abanico de funciones y tareas de diferentes niveles de complejidad, que determinan asimismo diferentes niveles de preparaci\u00f3n y certificaci\u00f3n de <a class=\"read-more\" href=\"https:\/\/www.colegiohsa.cl\/?page_id=2743\">Continuar Leyendo&#8230;<\/a><\/p>\n","protected":false},"author":1,"featured_media":0,"parent":0,"menu_order":0,"comment_status":"closed","ping_status":"open","template":"","meta":{"spay_email":""},"_links":{"self":[{"href":"https:\/\/www.colegiohsa.cl\/index.php?rest_route=\/wp\/v2\/pages\/2743"}],"collection":[{"href":"https:\/\/www.colegiohsa.cl\/index.php?rest_route=\/wp\/v2\/pages"}],"about":[{"href":"https:\/\/www.colegiohsa.cl\/index.php?rest_route=\/wp\/v2\/types\/page"}],"author":[{"embeddable":true,"href":"https:\/\/www.colegiohsa.cl\/index.php?rest_route=\/wp\/v2\/users\/1"}],"replies":[{"embeddable":true,"href":"https:\/\/www.colegiohsa.cl\/index.php?rest_route=%2Fwp%2Fv2%2Fcomments&post=2743"}],"version-history":[{"count":5,"href":"https:\/\/www.colegiohsa.cl\/index.php?rest_route=\/wp\/v2\/pages\/2743\/revisions"}],"predecessor-version":[{"id":2882,"href":"https:\/\/www.colegiohsa.cl\/index.php?rest_route=\/wp\/v2\/pages\/2743\/revisions\/2882"}],"wp:attachment":[{"href":"https:\/\/www.colegiohsa.cl\/index.php?rest_route=%2Fwp%2Fv2%2Fmedia&parent=2743"}],"curies":[{"name":"wp","href":"https:\/\/api.w.org\/{rel}","templated":true}]}}