{"id":2723,"date":"2015-03-11T22:30:12","date_gmt":"2015-03-12T02:30:12","guid":{"rendered":"http:\/\/colegiohsa.cl\/?page_id=2723"},"modified":"2018-05-02T17:36:25","modified_gmt":"2018-05-02T21:36:25","slug":"actos-civicos","status":"publish","type":"page","link":"https:\/\/www.colegiohsa.cl\/?page_id=2723","title":{"rendered":"Actos C\u00edvicos"},"content":{"rendered":"<p>En el siguiente link podr\u00e1n descargar el documento con los actos C\u00edvicos del A\u00f1o 2018<\/p>\n<p><a href=\"http:\/\/www.colegiohsa.cl\/wp-content\/uploads\/ACTOS_CIVICOS.doc\">Descargar Tabla de Actos C\u00edvicos<\/a><\/p>\n","protected":false},"excerpt":{"rendered":"<p>En el siguiente link podr\u00e1n descargar el documento con los actos C\u00edvicos del A\u00f1o 2018 Descargar Tabla de Actos C\u00edvicos<\/p>\n","protected":false},"author":1,"featured_media":0,"parent":0,"menu_order":0,"comment_status":"closed","ping_status":"open","template":"","meta":{"spay_email":""},"_links":{"self":[{"href":"https:\/\/www.colegiohsa.cl\/index.php?rest_route=\/wp\/v2\/pages\/2723"}],"collection":[{"href":"https:\/\/www.colegiohsa.cl\/index.php?rest_route=\/wp\/v2\/pages"}],"about":[{"href":"https:\/\/www.colegiohsa.cl\/index.php?rest_route=\/wp\/v2\/types\/page"}],"author":[{"embeddable":true,"href":"https:\/\/www.colegiohsa.cl\/index.php?rest_route=\/wp\/v2\/users\/1"}],"replies":[{"embeddable":true,"href":"https:\/\/www.colegiohsa.cl\/index.php?rest_route=%2Fwp%2Fv2%2Fcomments&post=2723"}],"version-history":[{"count":35,"href":"https:\/\/www.colegiohsa.cl\/index.php?rest_route=\/wp\/v2\/pages\/2723\/revisions"}],"predecessor-version":[{"id":4922,"href":"https:\/\/www.colegiohsa.cl\/index.php?rest_route=\/wp\/v2\/pages\/2723\/revisions\/4922"}],"wp:attachment":[{"href":"https:\/\/www.colegiohsa.cl\/index.php?rest_route=%2Fwp%2Fv2%2Fmedia&parent=2723"}],"curies":[{"name":"wp","href":"https:\/\/api.w.org\/{rel}","templated":true}]}}