{"id":2699,"date":"2015-03-10T21:49:28","date_gmt":"2015-03-11T01:49:28","guid":{"rendered":"http:\/\/colegiohsa.cl\/?page_id=2699"},"modified":"2025-12-17T13:07:33","modified_gmt":"2025-12-17T16:07:33","slug":"centro-de-alumnas","status":"publish","type":"page","link":"https:\/\/www.colegiohsa.cl\/?page_id=2699","title":{"rendered":"Centro Estudiantil"},"content":{"rendered":"<p><strong>Profesora Asesora:<\/strong> <em style=\"font-weight: inherit;\">\u00a0Srta. Mariela Cerda<\/em><\/p>\n<p><strong style=\"font-style: inherit;\">Presidenta :<\/strong>\u00a0<em style=\"font-weight: inherit;\">Srta.\u00a0<\/em><br \/>\n<strong style=\"font-style: inherit;\">Vicepresidenta :<\/strong>\u00a0<em>Srta.\u00a0<\/em><br \/>\n<strong style=\"font-style: inherit;\">Secretaria :<\/strong>\u00a0<em style=\"font-weight: inherit;\">Srta.\u00a0<\/em><br \/>\n<strong style=\"font-style: inherit;\">Tesorera:<\/strong>\u00a0<em style=\"font-weight: inherit;\">Srta.\u00a0<\/em><\/p>\n<p><strong style=\"font-style: inherit;\">Pastoral:<\/strong>\u00a0<em>Srta.\u00a0<\/em><\/p>\n<p>El Centro de Alumnas es la organizaci\u00f3n formada por las estudiantes de segundo ciclo de ense\u00f1anza b\u00e1sica y de ense\u00f1anza media del establecimiento educacional.<\/p>\n<p>Su finalidad es servir a sus miembros, como medio de desarrollar en ellas el pensamiento reflexivo, el juicio cr\u00edtico y la voluntad de acci\u00f3n; de formarlas para la vida democr\u00e1tica, y de prepararlas para participar en los cambios culturales y sociales.<\/p>\n","protected":false},"excerpt":{"rendered":"<p>Profesora Asesora: \u00a0Srta. Mariela Cerda Presidenta :\u00a0Srta.\u00a0 Vicepresidenta :\u00a0Srta.\u00a0 Secretaria :\u00a0Srta.\u00a0 Tesorera:\u00a0Srta.\u00a0 Pastoral:\u00a0Srta.\u00a0 El Centro de Alumnas es la organizaci\u00f3n formada por las estudiantes de segundo ciclo de ense\u00f1anza b\u00e1sica y de ense\u00f1anza media del establecimiento educacional. Su finalidad es servir a sus miembros, como medio de desarrollar en ellas el pensamiento reflexivo, el juicio <a class=\"read-more\" href=\"https:\/\/www.colegiohsa.cl\/?page_id=2699\">Continuar Leyendo&#8230;<\/a><\/p>\n","protected":false},"author":1,"featured_media":0,"parent":0,"menu_order":0,"comment_status":"closed","ping_status":"open","template":"","meta":{"spay_email":""},"_links":{"self":[{"href":"https:\/\/www.colegiohsa.cl\/index.php?rest_route=\/wp\/v2\/pages\/2699"}],"collection":[{"href":"https:\/\/www.colegiohsa.cl\/index.php?rest_route=\/wp\/v2\/pages"}],"about":[{"href":"https:\/\/www.colegiohsa.cl\/index.php?rest_route=\/wp\/v2\/types\/page"}],"author":[{"embeddable":true,"href":"https:\/\/www.colegiohsa.cl\/index.php?rest_route=\/wp\/v2\/users\/1"}],"replies":[{"embeddable":true,"href":"https:\/\/www.colegiohsa.cl\/index.php?rest_route=%2Fwp%2Fv2%2Fcomments&post=2699"}],"version-history":[{"count":20,"href":"https:\/\/www.colegiohsa.cl\/index.php?rest_route=\/wp\/v2\/pages\/2699\/revisions"}],"predecessor-version":[{"id":14440,"href":"https:\/\/www.colegiohsa.cl\/index.php?rest_route=\/wp\/v2\/pages\/2699\/revisions\/14440"}],"wp:attachment":[{"href":"https:\/\/www.colegiohsa.cl\/index.php?rest_route=%2Fwp%2Fv2%2Fmedia&parent=2699"}],"curies":[{"name":"wp","href":"https:\/\/api.w.org\/{rel}","templated":true}]}}