{"id":2300,"date":"2014-12-22T14:05:40","date_gmt":"2014-12-22T18:05:40","guid":{"rendered":"http:\/\/colegiohsa.cl\/?page_id=2300"},"modified":"2025-12-17T12:13:53","modified_gmt":"2025-12-17T15:13:53","slug":"equipo-directivo","status":"publish","type":"page","link":"https:\/\/www.colegiohsa.cl\/?page_id=2300","title":{"rendered":"Equipo Directivo"},"content":{"rendered":"<p>El equipo\u00a0Directivo est\u00e1 integrado por los siguientes encargados:<\/p>\n<p><strong style=\"font-style: inherit;\">Directora:\u00a0<\/strong>\u00a0<em style=\"font-weight: inherit;\">Hna. Adela Espinoza Zapatel<\/em><\/p>\n<p><strong style=\"font-style: inherit;\">Inspectora General:<\/strong>\u00a0<em>Sra<\/em>.\u00a0<em style=\"font-weight: inherit;\">Yuset Boisier Paredes<\/em><\/p>\n<p><strong style=\"font-style: inherit;\">Jefe T\u00e9cnico E. B\u00e1sica: <\/strong><em style=\"font-weight: inherit;\">Sra. Paulina Verdugo Gavil\u00e1n\u00a0<\/em><\/p>\n<p><strong style=\"font-style: inherit;\">Jefe T\u00e9cnico E. Media:<\/strong>\u00a0<em>Srta<\/em>. <em style=\"font-weight: inherit;\">Mar\u00eda Alejandra Abarca Medina<\/em><\/p>\n<p><strong style=\"font-style: inherit;\">Orientadora: <\/strong><em>Sra<\/em>. <em style=\"font-weight: inherit;\">Mar\u00eda Pizarro Labr\u00edn<\/em><\/p>\n\n\n<p><\/p>\n","protected":false},"excerpt":{"rendered":"<p>El equipo\u00a0Directivo est\u00e1 integrado por los siguientes encargados: Directora:\u00a0\u00a0Hna. Adela Espinoza Zapatel Inspectora General:\u00a0Sra.\u00a0Yuset Boisier Paredes Jefe T\u00e9cnico E. B\u00e1sica: Sra. Paulina Verdugo Gavil\u00e1n\u00a0 Jefe T\u00e9cnico E. Media:\u00a0Srta. Mar\u00eda Alejandra Abarca Medina Orientadora: Sra. Mar\u00eda Pizarro Labr\u00edn<\/p>\n","protected":false},"author":1,"featured_media":0,"parent":0,"menu_order":0,"comment_status":"closed","ping_status":"open","template":"","meta":{"spay_email":""},"_links":{"self":[{"href":"https:\/\/www.colegiohsa.cl\/index.php?rest_route=\/wp\/v2\/pages\/2300"}],"collection":[{"href":"https:\/\/www.colegiohsa.cl\/index.php?rest_route=\/wp\/v2\/pages"}],"about":[{"href":"https:\/\/www.colegiohsa.cl\/index.php?rest_route=\/wp\/v2\/types\/page"}],"author":[{"embeddable":true,"href":"https:\/\/www.colegiohsa.cl\/index.php?rest_route=\/wp\/v2\/users\/1"}],"replies":[{"embeddable":true,"href":"https:\/\/www.colegiohsa.cl\/index.php?rest_route=%2Fwp%2Fv2%2Fcomments&post=2300"}],"version-history":[{"count":10,"href":"https:\/\/www.colegiohsa.cl\/index.php?rest_route=\/wp\/v2\/pages\/2300\/revisions"}],"predecessor-version":[{"id":14432,"href":"https:\/\/www.colegiohsa.cl\/index.php?rest_route=\/wp\/v2\/pages\/2300\/revisions\/14432"}],"wp:attachment":[{"href":"https:\/\/www.colegiohsa.cl\/index.php?rest_route=%2Fwp%2Fv2%2Fmedia&parent=2300"}],"curies":[{"name":"wp","href":"https:\/\/api.w.org\/{rel}","templated":true}]}}