{"id":2271,"date":"2014-12-16T14:42:42","date_gmt":"2014-12-16T18:42:42","guid":{"rendered":"http:\/\/colegiohsa.cl\/?page_id=2271"},"modified":"2025-12-17T12:32:45","modified_gmt":"2025-12-17T15:32:45","slug":"equipo-de-convivencia-escolar","status":"publish","type":"page","link":"https:\/\/www.colegiohsa.cl\/?page_id=2271","title":{"rendered":"Equipo de convivencia escolar"},"content":{"rendered":"<p>El equipo de Convivencia Escolar 2025 est\u00e1 integrado por los siguientes encargados:<\/p>\n<p><em><strong>Encargada de Convivencia Escolar: <\/strong>Srta. Carmen Godoy Tarraza.<\/em><\/p>\n<p><em><strong>Colaboradores:<\/strong> Srta. Valentina Elgueta, Srta. Ana Catal\u00e1n y Sr. Manuel Navarrete<\/em><\/p>\n<p><em><strong>Inspectora General: <\/strong>Sra. Yuset Boisier Paredes<\/em><\/p>\n<p><em><strong>Profesora de E. B\u00e1sica: <\/strong>Srta. Laura Alveal\u00a0<\/em><\/p>\n<p><em><strong>Orientadora de Ens. B\u00e1sica: <\/strong>Sra. Carol Ru\u00edz.<\/em><\/p>\n<p><em><strong>Orientadora de Ens. Media: <\/strong>Sra. Mar\u00eda Pizarro.<\/em><\/p>\n<p><em><b>Psic\u00f3loga de Ens. B\u00e1sica:\u00a0<\/b>Srta. Emily Pinillo<\/em><\/p>\n<p><em><strong>Psic\u00f3loga de Ens. Media: <\/strong>Srta. Yasna C\u00f3rdova.<\/em><\/p>\n<p><em><strong>Encargada de Pastoral: <\/strong>Sra. Mar\u00eda In\u00e9s Pavez.<\/em><\/p>\n<p align=\"justify\"><em><strong>\u00bfQu\u00e9 es CONVIVENCIA ESCOLAR?<\/strong><\/em><\/p>\n<p style=\"text-align: justify;\" align=\"justify\">\u201cLa Convivencia Escolar es la capacidad que tienen las personas de vivir con otras en un marco de respeto mutuo y de solidaridad rec\u00edproca, expresada en la interrelaci\u00f3n armoniosa y sin violencia entre los diferentes actores y estamentos de la Comunidad Educativa.<\/p>\n<p style=\"text-align: justify;\">La base que sustenta el aprendizaje de la Convivencia Escolar en la comunidad, es el modelo educativo de las Hijas de Santa Ana, que se fundamenta en la actitud de esperanza y misericordia, expresada en: la Vida en Familia, la Pobreza de coraz\u00f3n y la Donaci\u00f3n Materna, caracterizada por \u201cLa pedagog\u00eda de la ternura\u201d. En nuestra comunidad educativa, el aprendizaje de la convivencia se vivencia mediante el Esp\u00edritu de comuni\u00f3n y de verdadera fraternidad.<\/p>\n<p>Dentro de los valores que queremos desarrollar encontramos:<\/p>\n<ul>\n<li>El amor y el respeto por la vida.<\/li>\n<li>La verdad y la honestidad.<\/li>\n<li>El respeto por si mismo y por los dem\u00e1s.<\/li>\n<li>El deseo de aprender en diversas \u00e1reas y campos del saber.<\/li>\n<li>La solidaridad, fraternidad, tolerancia y empat\u00eda.<\/li>\n<li>La libertad responsable que asume la conducci\u00f3n de su vida y construcci\u00f3n de su proyecto personal.<\/li>\n<\/ul>\n<p style=\"text-align: justify;\">Cada docente, profesional y asistente de la educaci\u00f3n de nuestro colegio tiene un<br \/>\nrol facilitador en esta etapa de crecimiento, siendo la estudiante el centro y la constructora de este proceso de ense\u00f1anza &#8211; aprendizaje de la convivencia.<br \/>\nLa sana convivencia escolar es un derecho y un deber que tienen todos los miembros de la Comunidad Educativa, cuyo fundamento principal es la dignidad de las personas y el respeto que estas se merecen.<\/p>\n<p style=\"text-align: justify;\">En conclusi\u00f3n, la pedagog\u00eda de la ternura nos permite ponernos en el lugar del otro, comprender la realidad del otro para aprender a relacionarnos, creando un ambiente arm\u00f3nico, emp\u00e1tico, de respeto de las diferencias; a prevenir, a enfrentar distintas situaciones de la vida, resolver conflictos. Junto con ello, este modelo educativo va acompa\u00f1ado de la pedagog\u00eda de la firmeza, la que favorece la postura de l\u00edmites claros y asertivos respecto a determinadas situaciones. Ambas promueven amar y respetar al mismo.<\/p>\n<p style=\"text-align: justify;\">La Ley sobre Violencia Escolar entiende la buena convivencia escolar como \u201cla coexistencia pac\u00edfica de los miembros de la comunidad educativa, que supone una interrelaci\u00f3n positiva entre ellos y permite el adecuado cumplimiento de los objetivos educativos en un clima que propicia el desarrollo integral de los estudiantes\u201d.<br \/>\nLa convivencia escolar se trata de la construcci\u00f3n de un modo de relaci\u00f3n entre las personas de una comunidad, sustentada en el respeto mutuo y en la solidaridad rec\u00edproca, expresada en la interrelaci\u00f3n armoniosa y sin violencia entre los diferentes actores y estamentos de la Comunidad Educativa.<br \/>\nTiene un enfoque eminentemente formativo. Se deben ense\u00f1ar y aprender una suma de conocimientos, habilidades y valores que permiten poner en pr\u00e1ctica el vivir en paz y armon\u00eda con otros, porque es la base para el ejercicio de la ciudadan\u00eda. En la escolaridad, estos aprendizajes est\u00e1n establecidos tanto en los Objetivos Fundamentales Transversales como en los Objetivos Fundamentales Verticales.<br \/>\nEn este marco, nuestro colegio tiene como principal funci\u00f3n mediar las situaciones de conflicto dentro del establecimiento escolar entre las estudiantes, actualizar y gestionar el plan de acci\u00f3n promoviendo actividades y participaci\u00f3n de convivencia escolar<a href=\"http:\/\/www.colegiohsa.cl\/wp-content\/uploads\/EQUIPCONV.jpg\" rel=\"lightbox[2271]\"><br \/>\n<\/a><\/p>\n","protected":false},"excerpt":{"rendered":"<p>El equipo de Convivencia Escolar 2025 est\u00e1 integrado por los siguientes encargados: Encargada de Convivencia Escolar: Srta. Carmen Godoy Tarraza. Colaboradores: Srta. Valentina Elgueta, Srta. Ana Catal\u00e1n y Sr. Manuel Navarrete Inspectora General: Sra. Yuset Boisier Paredes Profesora de E. B\u00e1sica: Srta. Laura Alveal\u00a0 Orientadora de Ens. B\u00e1sica: Sra. Carol Ru\u00edz. Orientadora de Ens. Media: <a class=\"read-more\" href=\"https:\/\/www.colegiohsa.cl\/?page_id=2271\">Continuar Leyendo&#8230;<\/a><\/p>\n","protected":false},"author":1,"featured_media":0,"parent":0,"menu_order":0,"comment_status":"closed","ping_status":"open","template":"","meta":{"spay_email":""},"_links":{"self":[{"href":"https:\/\/www.colegiohsa.cl\/index.php?rest_route=\/wp\/v2\/pages\/2271"}],"collection":[{"href":"https:\/\/www.colegiohsa.cl\/index.php?rest_route=\/wp\/v2\/pages"}],"about":[{"href":"https:\/\/www.colegiohsa.cl\/index.php?rest_route=\/wp\/v2\/types\/page"}],"author":[{"embeddable":true,"href":"https:\/\/www.colegiohsa.cl\/index.php?rest_route=\/wp\/v2\/users\/1"}],"replies":[{"embeddable":true,"href":"https:\/\/www.colegiohsa.cl\/index.php?rest_route=%2Fwp%2Fv2%2Fcomments&post=2271"}],"version-history":[{"count":27,"href":"https:\/\/www.colegiohsa.cl\/index.php?rest_route=\/wp\/v2\/pages\/2271\/revisions"}],"predecessor-version":[{"id":14434,"href":"https:\/\/www.colegiohsa.cl\/index.php?rest_route=\/wp\/v2\/pages\/2271\/revisions\/14434"}],"wp:attachment":[{"href":"https:\/\/www.colegiohsa.cl\/index.php?rest_route=%2Fwp%2Fv2%2Fmedia&parent=2271"}],"curies":[{"name":"wp","href":"https:\/\/api.w.org\/{rel}","templated":true}]}}