{"id":2260,"date":"2014-12-16T10:52:43","date_gmt":"2014-12-16T14:52:43","guid":{"rendered":"http:\/\/colegiohsa.cl\/?page_id=2260"},"modified":"2025-12-17T12:35:23","modified_gmt":"2025-12-17T15:35:23","slug":"equipo-psicosocial","status":"publish","type":"page","link":"https:\/\/www.colegiohsa.cl\/?page_id=2260","title":{"rendered":"Equipo Psicosocial"},"content":{"rendered":"<p><strong>Coordinadora Equipo Psicosocial<\/strong><\/p>\n<p><em>Sra. Mar\u00eda Ang\u00e9lica Pizarro <\/em><\/p>\n<p>El equipo Psicosocial de nuestro Colegio est\u00e1 compuesto por las siguientes especialistas:<\/p>\n<p><strong>Trabajadora Social:<\/strong> <em>Srta. Aylin Reyes<\/em><\/p>\n<p><strong>Psic\u00f3loga Educacional: <\/strong><em>Srta. Yasna C\u00f3rdova<\/em><\/p>\n<p><strong>Psic\u00f3loga Educacional: <\/strong><em>Srta. Emily Pinillo<\/em><\/p>\n<p><strong>Orientadora: <\/strong><em>Sra. Carol Ruiz<\/em><\/p>\n<p>El equipo psicosocial cumple la principal funci\u00f3n de brindar acompa\u00f1amiento socio afectivo a las alumnas del colegio. En conjunto con el equipo de especialistas otorgan una atenci\u00f3n individual a la alumna, realizando una evaluaci\u00f3n inicial, observando el estado emocional actual de la ni\u00f1a, orientando al apoderado y la familia en relaci\u00f3n a las dificultades que est\u00e1 presentando, y de acuerdo a las caracter\u00edsticas del caso, determinar la derivaci\u00f3n a especialistas externos y\/o instituciones de la red de apoyo social del gobierno, tales como; COSAM, CESFAM, OPD, CEPIJ, PDI, Carabineros de Chile, entre otros.<\/p>\n<p>Junto con ello, cumple la funci\u00f3n orientadora y educativa por medio de intervenciones y acompa\u00f1amientos en aula y charlas educativas a padres y profesores de nuestro colegio.<\/p>\n<p><a href=\"http:\/\/www.colegiohsa.cl\/wp-content\/uploads\/PSICO.jpg\" rel=\"lightbox[2260]\"><img data-attachment-id=\"4917\" data-permalink=\"https:\/\/www.colegiohsa.cl\/?attachment_id=4917\" data-orig-file=\"https:\/\/www.colegiohsa.cl\/wp-content\/uploads\/PSICO.jpg\" data-orig-size=\"720,448\" data-comments-opened=\"0\" data-image-meta=\"{&quot;aperture&quot;:&quot;0&quot;,&quot;credit&quot;:&quot;&quot;,&quot;camera&quot;:&quot;&quot;,&quot;caption&quot;:&quot;&quot;,&quot;created_timestamp&quot;:&quot;0&quot;,&quot;copyright&quot;:&quot;&quot;,&quot;focal_length&quot;:&quot;0&quot;,&quot;iso&quot;:&quot;0&quot;,&quot;shutter_speed&quot;:&quot;0&quot;,&quot;title&quot;:&quot;&quot;,&quot;orientation&quot;:&quot;1&quot;}\" data-image-title=\"PSICO\" data-image-description=\"\" data-image-caption=\"\" data-medium-file=\"https:\/\/www.colegiohsa.cl\/wp-content\/uploads\/PSICO-300x187.jpg\" data-large-file=\"https:\/\/www.colegiohsa.cl\/wp-content\/uploads\/PSICO.jpg\" loading=\"lazy\" class=\"aligncenter wp-image-4917 size-full\" src=\"http:\/\/www.colegiohsa.cl\/wp-content\/uploads\/PSICO.jpg\" alt=\"PSICO\" width=\"720\" height=\"448\" srcset=\"https:\/\/www.colegiohsa.cl\/wp-content\/uploads\/PSICO.jpg 720w, https:\/\/www.colegiohsa.cl\/wp-content\/uploads\/PSICO-300x187.jpg 300w\" sizes=\"(max-width: 720px) 100vw, 720px\" \/><\/a><\/p>\n","protected":false},"excerpt":{"rendered":"<p>Coordinadora Equipo Psicosocial Sra. Mar\u00eda Ang\u00e9lica Pizarro El equipo Psicosocial de nuestro Colegio est\u00e1 compuesto por las siguientes especialistas: Trabajadora Social: Srta. Aylin Reyes Psic\u00f3loga Educacional: Srta. Yasna C\u00f3rdova Psic\u00f3loga Educacional: Srta. Emily Pinillo Orientadora: Sra. Carol Ruiz El equipo psicosocial cumple la principal funci\u00f3n de brindar acompa\u00f1amiento socio afectivo a las alumnas del colegio. <a class=\"read-more\" href=\"https:\/\/www.colegiohsa.cl\/?page_id=2260\">Continuar Leyendo&#8230;<\/a><\/p>\n","protected":false},"author":1,"featured_media":0,"parent":0,"menu_order":0,"comment_status":"closed","ping_status":"open","template":"","meta":{"spay_email":""},"_links":{"self":[{"href":"https:\/\/www.colegiohsa.cl\/index.php?rest_route=\/wp\/v2\/pages\/2260"}],"collection":[{"href":"https:\/\/www.colegiohsa.cl\/index.php?rest_route=\/wp\/v2\/pages"}],"about":[{"href":"https:\/\/www.colegiohsa.cl\/index.php?rest_route=\/wp\/v2\/types\/page"}],"author":[{"embeddable":true,"href":"https:\/\/www.colegiohsa.cl\/index.php?rest_route=\/wp\/v2\/users\/1"}],"replies":[{"embeddable":true,"href":"https:\/\/www.colegiohsa.cl\/index.php?rest_route=%2Fwp%2Fv2%2Fcomments&post=2260"}],"version-history":[{"count":15,"href":"https:\/\/www.colegiohsa.cl\/index.php?rest_route=\/wp\/v2\/pages\/2260\/revisions"}],"predecessor-version":[{"id":14435,"href":"https:\/\/www.colegiohsa.cl\/index.php?rest_route=\/wp\/v2\/pages\/2260\/revisions\/14435"}],"wp:attachment":[{"href":"https:\/\/www.colegiohsa.cl\/index.php?rest_route=%2Fwp%2Fv2%2Fmedia&parent=2260"}],"curies":[{"name":"wp","href":"https:\/\/api.w.org\/{rel}","templated":true}]}}