{"id":2229,"date":"2014-11-20T07:38:00","date_gmt":"2014-11-20T11:38:00","guid":{"rendered":"http:\/\/colegiohsa.cl\/?page_id=2229"},"modified":"2023-11-21T10:49:46","modified_gmt":"2023-11-21T13:49:46","slug":"equipo-de-integracion","status":"publish","type":"page","link":"https:\/\/www.colegiohsa.cl\/?page_id=2229","title":{"rendered":"Equipo de integraci\u00f3n"},"content":{"rendered":"<p><strong style=\"font-style: inherit;\">Coordinadora:\u00a0<\/strong><em>Sra. Ana Daniela Sandoval<\/em><\/p>\n<p style=\"text-align: justify;\">El Equipo de Integraci\u00f3n est\u00e1 formado por un grupo de profesionales especialistas en Educaci\u00f3n,\u00a0 que atienden a las estudiantes\u00a0 desde K\u00ednder a 4\u00b0 a\u00f1o de ense\u00f1anza Media, abordando las necesidades Educativas Especiales (NEE) que presentan las estudiantes, \u00e9stas pueden ser de car\u00e1cter transitorias o permanentes, dentro de las cuales se encuentran; el trastorno especifico del lenguaje, trastorno de d\u00e9ficit atencional, dificultades especificas del aprendizaje,trastorno del espectro autista, discapacidad cognitiva, entre otras.<\/p>\n<p style=\"text-align: justify;\">Su objetivo principal es, brindar apoyo educativo y herramientas de acceso a las estudiantes para su participaci\u00f3n y progreso en el curr\u00edculo nacional, en igualdad de condiciones y oportunidades, de manera que puedan desarrollarse de forma integral y aut\u00f3noma, con el prop\u00f3sito de asegurar y de acuerdo a la normativa vigente, aprendizajes significativos y de calidad.<\/p>\n<p style=\"text-align: justify;\">Dentro de las principales acciones que realiza el Equipo, podemos mencionar los acompa\u00f1amientos en aula com\u00fan y aula de recursos, adecuaciones curriculares, seguimientos de casos, aplicaci\u00f3n de evaluaciones estandarizadas, atenci\u00f3n fonoaudiol\u00f3gica de K\u00ednder a 2\u00b0 b\u00e1sico, talleres de apoyo pedag\u00f3gico, entre otras.<\/p>\n<p>El equipo est\u00e1 conformado por los siguientes especialistas:<\/p>\n<p><strong>Educadora Diferencial:\u00a0<\/strong><em style=\"font-weight: inherit;\">Sra. \u00a0Ana Daniela Sandoval<\/em><\/p>\n<p><strong style=\"font-style: inherit;\">Educadora Diferencial:\u00a0<\/strong><em style=\"font-weight: inherit;\">Sra. Gabriela Mu\u00f1oz<\/em><\/p>\n<p><strong style=\"font-style: inherit;\">Educadora Diferencial:\u00a0<\/strong><em style=\"font-weight: inherit;\">Sra. Daniela \u00c1lvarez<\/em><\/p>\n<p><strong style=\"font-style: inherit;\">Educadora Diferencial:\u00a0<\/strong><em style=\"font-weight: inherit;\">Srta. Denisse Avil\u00e9s<\/em><\/p>\n<p><strong style=\"font-style: inherit;\">Psicopedagoga:\u00a0<\/strong><em style=\"font-weight: inherit;\">Srta. Francisca Rivera<\/em><\/p>\n<p><strong style=\"font-style: inherit;\">Fonoaudi\u00f3loga:\u00a0<\/strong><em style=\"font-weight: inherit;\">Sra. Carolina Castillo<\/em><\/p>\n<p><a href=\"http:\/\/www.colegiohsa.cl\/wp-content\/uploads\/INTEGRACION.jpg\" rel=\"lightbox[2229]\"><img data-attachment-id=\"4915\" data-permalink=\"https:\/\/www.colegiohsa.cl\/?attachment_id=4915\" data-orig-file=\"https:\/\/www.colegiohsa.cl\/wp-content\/uploads\/INTEGRACION.jpg\" data-orig-size=\"1036,608\" data-comments-opened=\"0\" data-image-meta=\"{&quot;aperture&quot;:&quot;0&quot;,&quot;credit&quot;:&quot;&quot;,&quot;camera&quot;:&quot;&quot;,&quot;caption&quot;:&quot;&quot;,&quot;created_timestamp&quot;:&quot;0&quot;,&quot;copyright&quot;:&quot;&quot;,&quot;focal_length&quot;:&quot;0&quot;,&quot;iso&quot;:&quot;0&quot;,&quot;shutter_speed&quot;:&quot;0&quot;,&quot;title&quot;:&quot;&quot;,&quot;orientation&quot;:&quot;1&quot;}\" data-image-title=\"INTEGRACION\" data-image-description=\"\" data-image-caption=\"\" data-medium-file=\"https:\/\/www.colegiohsa.cl\/wp-content\/uploads\/INTEGRACION-300x176.jpg\" data-large-file=\"https:\/\/www.colegiohsa.cl\/wp-content\/uploads\/INTEGRACION-1024x601.jpg\" loading=\"lazy\" class=\"aligncenter wp-image-4915\" src=\"http:\/\/www.colegiohsa.cl\/wp-content\/uploads\/INTEGRACION-1024x601.jpg\" alt=\"INTEGRACION\" width=\"800\" height=\"469\" srcset=\"https:\/\/www.colegiohsa.cl\/wp-content\/uploads\/INTEGRACION-1024x601.jpg 1024w, https:\/\/www.colegiohsa.cl\/wp-content\/uploads\/INTEGRACION-300x176.jpg 300w, https:\/\/www.colegiohsa.cl\/wp-content\/uploads\/INTEGRACION.jpg 1036w\" sizes=\"(max-width: 800px) 100vw, 800px\" \/><\/a><\/p>\n","protected":false},"excerpt":{"rendered":"<p>Coordinadora:\u00a0Sra. Ana Daniela Sandoval El Equipo de Integraci\u00f3n est\u00e1 formado por un grupo de profesionales especialistas en Educaci\u00f3n,\u00a0 que atienden a las estudiantes\u00a0 desde K\u00ednder a 4\u00b0 a\u00f1o de ense\u00f1anza Media, abordando las necesidades Educativas Especiales (NEE) que presentan las estudiantes, \u00e9stas pueden ser de car\u00e1cter transitorias o permanentes, dentro de las cuales se encuentran; <a class=\"read-more\" href=\"https:\/\/www.colegiohsa.cl\/?page_id=2229\">Continuar Leyendo&#8230;<\/a><\/p>\n","protected":false},"author":1,"featured_media":0,"parent":0,"menu_order":0,"comment_status":"closed","ping_status":"open","template":"","meta":{"spay_email":""},"_links":{"self":[{"href":"https:\/\/www.colegiohsa.cl\/index.php?rest_route=\/wp\/v2\/pages\/2229"}],"collection":[{"href":"https:\/\/www.colegiohsa.cl\/index.php?rest_route=\/wp\/v2\/pages"}],"about":[{"href":"https:\/\/www.colegiohsa.cl\/index.php?rest_route=\/wp\/v2\/types\/page"}],"author":[{"embeddable":true,"href":"https:\/\/www.colegiohsa.cl\/index.php?rest_route=\/wp\/v2\/users\/1"}],"replies":[{"embeddable":true,"href":"https:\/\/www.colegiohsa.cl\/index.php?rest_route=%2Fwp%2Fv2%2Fcomments&post=2229"}],"version-history":[{"count":21,"href":"https:\/\/www.colegiohsa.cl\/index.php?rest_route=\/wp\/v2\/pages\/2229\/revisions"}],"predecessor-version":[{"id":12653,"href":"https:\/\/www.colegiohsa.cl\/index.php?rest_route=\/wp\/v2\/pages\/2229\/revisions\/12653"}],"wp:attachment":[{"href":"https:\/\/www.colegiohsa.cl\/index.php?rest_route=%2Fwp%2Fv2%2Fmedia&parent=2229"}],"curies":[{"name":"wp","href":"https:\/\/api.w.org\/{rel}","templated":true}]}}