{"id":2213,"date":"2014-10-16T11:07:45","date_gmt":"2014-10-16T15:07:45","guid":{"rendered":"http:\/\/colegiohsa.cl\/?page_id=2213"},"modified":"2021-07-18T20:43:59","modified_gmt":"2021-07-19T00:43:59","slug":"sep-2","status":"publish","type":"page","link":"https:\/\/www.colegiohsa.cl\/?page_id=2213","title":{"rendered":"SEP"},"content":{"rendered":"<p style=\"text-align: center;\">ACTUALMENTE LA ENCARGADA DE LA COORDINACI\u00d3N SEP ES:<\/p>\n<p style=\"text-align: center;\"><strong>SRA. M\u00d3NICA ROJAS MORAGA<\/strong><\/p>\n<p style=\"text-align: center;\">Profesora de Ed. B\u00e1sica<\/p>\n<p style=\"text-align: center;\">Psicopedagoga<\/p>\n<p style=\"text-align: center;\">Magister en Ciencias de la Ed.<\/p>\n<p style=\"text-align: center;\">con menci\u00f3n en Administraci\u00f3n y Gesti\u00f3n\u00a0Escolar<\/p>\n<p style=\"text-align: center;\"><strong><u>LEY SEP 20.248<\/u><\/strong><\/p>\n<p><strong>\u00a0<\/strong><\/p>\n<ul>\n<li><strong>SUBVENCI\u00d3N ESCOLAR PREFERENCIAL:<\/strong><\/li>\n<\/ul>\n<p><strong>\u00a0<\/strong><\/p>\n<p style=\"text-align: justify;\">La \u00a0Subvenci\u00f3n Escolar Preferencial (SEP) es una subvenci\u00f3n adicional que se entrega a los establecimientos educacionales que atiende a los alumnos\/as prioritarios y \u00a0preferentes.<\/p>\n<p style=\"text-align: justify;\">Para ingresar a la SEP, los sostenedores de cada establecimiento educacional firman un Convenio de Igualdad de Oportunidades y Excelencia Educativa con el Ministerio de Educaci\u00f3n, adquiriendo \u00a0una serie de compromisos que apuntan a mejorar los resultados de aprendizaje de todos los estudiantes. Entre los compromisos adquiridos est\u00e1 \u00a0elaborar anualmente un Plan de Mejoramiento Educativo (PME) en el cual se dise\u00f1an acciones, que est\u00e1n \u00a0asociadas a metas de resultados de aprendizaje y al mejoramiento de la gesti\u00f3n institucional.<\/p>\n<p style=\"text-align: justify;\">El 20 de noviembre de 2012 El Colegio Polit\u00e9cnico Santa Ana se suscribi\u00f3 a la\u00a0 Ley N\u00b0 20.248. Y cada cuatro a\u00f1os ha ido renovando este convenio<\/p>\n<p style=\"text-align: justify;\">\n<ul style=\"text-align: justify;\">\n<li><strong>Alumnas prioritarias<\/strong><\/li>\n<\/ul>\n<p style=\"text-align: justify;\">\n<p style=\"text-align: justify;\">Son aquellas estudiantes para quienes la situaci\u00f3n socioecon\u00f3mica de sus hogares puede dificultar sus posibilidades de enfrentar el proceso educativo.<\/p>\n<ul style=\"text-align: justify;\">\n<li><strong>Alumnas preferentes<\/strong><\/li>\n<\/ul>\n<p style=\"text-align: justify;\">Son aquellas estudiantes que no tienen la calidad de alumna prioritario y cuyas familias pertenecen al 80% m\u00e1s vulnerable de la poblaci\u00f3n; seg\u00fan el instrumento de caracterizaci\u00f3n social vigente (Registro Social de Hogares).<\/p>\n<p style=\"text-align: justify;\">Para saber si una alumna es prioritario o preferente debe ingresar a\u00a0<a href=\"http:\/\/certificados.mineduc.cl\/\">http:\/\/certificados.mineduc.cl\/\u00a0<\/a>con el RUN del alumno y su fecha de nacimiento, y podr\u00e1 descargar e imprimir el certificado que lo acredita.<\/p>\n<p style=\"text-align: justify;\">\n<ul style=\"text-align: justify;\">\n<li><strong>PARA LOGRAR LAS METAS ES IMPORTANTE CONTAR CON EL COMPROMISO DE MADRES, PADRES Y APODERADOS: <\/strong><\/li>\n<\/ul>\n<p style=\"text-align: justify;\">Con la Subvenci\u00f3n Escolar Preferencial se busca mejorar la calidad de la educaci\u00f3n que reciben nuestras estudiantes, pero para lograrlo es necesario el compromiso de todos, especialmente el de ustedes, mam\u00e1, pap\u00e1 y\/o\u00a0 apoderado<\/p>\n<p style=\"text-align: justify;\">\n<p style=\"text-align: justify;\"><strong>SUGERENCIAS:<\/strong><\/p>\n<ul style=\"text-align: justify;\">\n<li>Comprom\u00e9tase y participe activamente en la educaci\u00f3n de su hijo.<\/li>\n<li>Ap\u00f3yelos en todo lo necesario para cumplir las metas de rendimiento acad\u00e9mico.<\/li>\n<li>Inf\u00f3rmese sobre los beneficios y compromisos del Convenio de Igualdad de Oportunidades y Excelencia Educativa.<\/li>\n<li>Pida y conozca el proyecto educativo institucional y el reglamento interno del colegio<\/li>\n<\/ul>\n<p style=\"text-align: justify;\">\n<p style=\"text-align: justify;\">PARA MAYOR INFORMACI\u00d3N SOBRE LA LEY SEP: <a href=\"http:\/\/bcn.cl\/1uv4p\">http:\/\/bcn.cl\/1uv4p<\/a>\u00a0\u00a0(Mineduc, 2019)<\/p>\n<p style=\"text-align: justify;\">\n<div align=\"3\">\n<p style=\"text-align: justify;\">\n<h1 style=\"text-align: justify;\"><\/h1>\n<p style=\"text-align: justify;\">\n<\/div>\n","protected":false},"excerpt":{"rendered":"<p>ACTUALMENTE LA ENCARGADA DE LA COORDINACI\u00d3N SEP ES: SRA. M\u00d3NICA ROJAS MORAGA Profesora de Ed. B\u00e1sica Psicopedagoga Magister en Ciencias de la Ed. con menci\u00f3n en Administraci\u00f3n y Gesti\u00f3n\u00a0Escolar LEY SEP 20.248 \u00a0 SUBVENCI\u00d3N ESCOLAR PREFERENCIAL: \u00a0 La \u00a0Subvenci\u00f3n Escolar Preferencial (SEP) es una subvenci\u00f3n adicional que se entrega a los establecimientos educacionales que atiende <a class=\"read-more\" href=\"https:\/\/www.colegiohsa.cl\/?page_id=2213\">Continuar Leyendo&#8230;<\/a><\/p>\n","protected":false},"author":1,"featured_media":0,"parent":0,"menu_order":0,"comment_status":"closed","ping_status":"open","template":"","meta":{"spay_email":""},"_links":{"self":[{"href":"https:\/\/www.colegiohsa.cl\/index.php?rest_route=\/wp\/v2\/pages\/2213"}],"collection":[{"href":"https:\/\/www.colegiohsa.cl\/index.php?rest_route=\/wp\/v2\/pages"}],"about":[{"href":"https:\/\/www.colegiohsa.cl\/index.php?rest_route=\/wp\/v2\/types\/page"}],"author":[{"embeddable":true,"href":"https:\/\/www.colegiohsa.cl\/index.php?rest_route=\/wp\/v2\/users\/1"}],"replies":[{"embeddable":true,"href":"https:\/\/www.colegiohsa.cl\/index.php?rest_route=%2Fwp%2Fv2%2Fcomments&post=2213"}],"version-history":[{"count":18,"href":"https:\/\/www.colegiohsa.cl\/index.php?rest_route=\/wp\/v2\/pages\/2213\/revisions"}],"predecessor-version":[{"id":7799,"href":"https:\/\/www.colegiohsa.cl\/index.php?rest_route=\/wp\/v2\/pages\/2213\/revisions\/7799"}],"wp:attachment":[{"href":"https:\/\/www.colegiohsa.cl\/index.php?rest_route=%2Fwp%2Fv2%2Fmedia&parent=2213"}],"curies":[{"name":"wp","href":"https:\/\/api.w.org\/{rel}","templated":true}]}}