{"id":2171,"date":"2014-08-28T09:01:09","date_gmt":"2014-08-28T13:01:09","guid":{"rendered":"http:\/\/colegiohsa.cl\/?page_id=2171"},"modified":"2015-08-13T20:46:02","modified_gmt":"2015-08-14T00:46:02","slug":"educacion-media","status":"publish","type":"page","link":"https:\/\/www.colegiohsa.cl\/?page_id=2171","title":{"rendered":"Educaci\u00f3n Media"},"content":{"rendered":"<p align=\"justify\"\nEl nivel de Educaci\u00f3n Media sit\u00faa en el centro de sus desaf\u00edos la calidad de la educaci\u00f3n, siendo necesario responder a la heterogeneidad de estudiantes que inician este nivel de ense\u00f1anza, con una pedagog\u00eda adecuada y pertinente a sus necesidades, que se haga cargo de las diversas disposiciones al aprendizaje y puntos de partida que presentan, permiti\u00e9ndoles alcanzar aprendizajes de calidad con el prop\u00f3sito de ampliar sus oportunidades de inclusi\u00f3n social y proyectos de vida futuros, especialmente reconociendo la creciente relevancia de la trayectoria escolar y de los estudio post media.\n<\/p>\n<p><\/font><\/p>\n<p><H1>HORARIO ENSE\u00d1ANZA MEDIA<\/H1><\/p>\n<table>\n<tbody>\n<tr>\n<th><font size=2>1\u00b0 HORA<\/font><\/th>\n<th>08.00 a 08.45 Hrs.<\/th>\n<\/tr>\n<tr>\n<th><font size=2>2\u00b0 HORA<\/font><\/th>\n<th>08.45 a 09.30 Hrs.<\/th>\n<\/tr>\n<tr>\n<th><font size=2>3\u00b0 HORA<\/font><\/th>\n<th>09.30 a 10.15 Hrs.<\/th>\n<\/tr>\n<tr>\n<th><font size=2>RECREO<\/font><\/th>\n<th>10.15 a 10.45 Hrs.<\/th>\n<\/tr>\n<tr>\n<th><font size=2>4\u00b0 HORA<\/font><\/th>\n<th>10.45 a 11.30 Hrs.<\/th>\n<\/tr>\n<tr>\n<th><font size=2>5\u00b0 HORA<\/font><\/th>\n<th>11.30 a 12.15 Hrs.<\/th>\n<\/tr>\n<tr>\n<th><font size=2>RECREO<\/font><\/th>\n<th>12.15 a 12.30 Hrs.<\/th>\n<tr>\n<th><font size=2>6\u00b0 HORA<\/font><\/th>\n<th>12.30 a 13.15 Hrs.<\/th>\n<\/tr>\n<tr>\n<th><font size=2>7\u00b0 HORA<\/font><\/th>\n<th>13.15 a 14.00 Hrs.<\/th>\n<\/tr>\n<tr>\n<th><font size=2>ALMUERZO<\/font><\/th>\n<th>14.00 a 14.45 Hrs.<\/th>\n<\/tr>\n<tr>\n<th><font size=2>8\u00b0 HORA<\/font><\/th>\n<th>14.45 a 15.30 Hrs.<\/th>\n<\/tr>\n<tr>\n<th><font size=2>9\u00b0 HORA<\/font><\/th>\n<th>15.30 a 16.15 Hrs.<\/th>\n<\/tr>\n<\/tbody>\n<\/table>\n","protected":false},"excerpt":{"rendered":"","protected":false},"author":1,"featured_media":0,"parent":0,"menu_order":0,"comment_status":"closed","ping_status":"open","template":"","meta":{"spay_email":""},"_links":{"self":[{"href":"https:\/\/www.colegiohsa.cl\/index.php?rest_route=\/wp\/v2\/pages\/2171"}],"collection":[{"href":"https:\/\/www.colegiohsa.cl\/index.php?rest_route=\/wp\/v2\/pages"}],"about":[{"href":"https:\/\/www.colegiohsa.cl\/index.php?rest_route=\/wp\/v2\/types\/page"}],"author":[{"embeddable":true,"href":"https:\/\/www.colegiohsa.cl\/index.php?rest_route=\/wp\/v2\/users\/1"}],"replies":[{"embeddable":true,"href":"https:\/\/www.colegiohsa.cl\/index.php?rest_route=%2Fwp%2Fv2%2Fcomments&post=2171"}],"version-history":[{"count":10,"href":"https:\/\/www.colegiohsa.cl\/index.php?rest_route=\/wp\/v2\/pages\/2171\/revisions"}],"predecessor-version":[{"id":3913,"href":"https:\/\/www.colegiohsa.cl\/index.php?rest_route=\/wp\/v2\/pages\/2171\/revisions\/3913"}],"wp:attachment":[{"href":"https:\/\/www.colegiohsa.cl\/index.php?rest_route=%2Fwp%2Fv2%2Fmedia&parent=2171"}],"curies":[{"name":"wp","href":"https:\/\/api.w.org\/{rel}","templated":true}]}}