{"id":2163,"date":"2014-08-28T08:47:17","date_gmt":"2014-08-28T12:47:17","guid":{"rendered":"http:\/\/colegiohsa.cl\/?page_id=2163"},"modified":"2015-04-25T00:54:09","modified_gmt":"2015-04-25T04:54:09","slug":"educacion-pre-basica","status":"publish","type":"page","link":"https:\/\/www.colegiohsa.cl\/?page_id=2163","title":{"rendered":"Educaci\u00f3n Pre b\u00e1sica"},"content":{"rendered":"<p><font size=3><\/p>\n<p align=\"justify\">\nNuestro colegio imparte la educaci\u00f3n pre b\u00e1sica en el nivel NT2 (Kinder), el cual\u00a0\u00a0est\u00e1 orientado a la atenci\u00f3n de ni\u00f1as \u00a0desde los \u00a05 a\u00f1os de edad, y tiene por objetivo desarrollar sus potencialidades f\u00edsicas, afectivas y cognitivas con el aporte de la familia y la comunidad.\n<\/p>\n<p align=\"justify\">\nLa importancia de la formaci\u00f3n inicial es determinante en el desarrollo de las capacidades mentales y emocionales del ser humano, pues en esta etapa se crean las bases de la personalidad del adulto. Durante los primeros a\u00f1os de vida del ser humano, el sistema nervioso central madura, por lo cual se le debe prestar mayor atenci\u00f3n al ni\u00f1o.\n<\/p>\n<p align=\"justify\">\nEs de vital importancia que los ni\u00f1os y ni\u00f1as desarrollen su psicomotricidad mediante pr\u00e1cticas adecuadas de crianza. De la misma manera, es vital que se preste atenci\u00f3n al desarrollo de la expresi\u00f3n y comprensi\u00f3n oral, la sensibilidad y la expresi\u00f3n art\u00edstica. En el plano del crecimiento socio-afectivo se atiende a la relaci\u00f3n del ni\u00f1o con el mundo que lo rodea as\u00ed como a los h\u00e1bitos de higiene, nutrici\u00f3n, cuidado del cuerpo, del ambiente y pensamiento pre-operacional.\n<\/p>\n<p align=\"justify\">\nPor esto, nuestro colegio cuenta con distintos profesionales e instancias que brindan apoyo necesario y experiencias que favorecen su desarrollo personal enmarcados en los valores y el carisma de la espiritualidad de las hijas de Santa Ana.<\/p>\n","protected":false},"excerpt":{"rendered":"<p>Nuestro colegio imparte la educaci\u00f3n pre b\u00e1sica en el nivel NT2 (Kinder), el cual\u00a0\u00a0est\u00e1 orientado a la atenci\u00f3n de ni\u00f1as \u00a0desde los \u00a05 a\u00f1os de edad, y tiene por objetivo desarrollar sus potencialidades f\u00edsicas, afectivas y cognitivas con el aporte de la familia y la comunidad. La importancia de la formaci\u00f3n inicial es determinante en <a class=\"read-more\" href=\"https:\/\/www.colegiohsa.cl\/?page_id=2163\">Continuar Leyendo&#8230;<\/a><\/p>\n","protected":false},"author":1,"featured_media":0,"parent":0,"menu_order":0,"comment_status":"closed","ping_status":"open","template":"","meta":{"spay_email":""},"_links":{"self":[{"href":"https:\/\/www.colegiohsa.cl\/index.php?rest_route=\/wp\/v2\/pages\/2163"}],"collection":[{"href":"https:\/\/www.colegiohsa.cl\/index.php?rest_route=\/wp\/v2\/pages"}],"about":[{"href":"https:\/\/www.colegiohsa.cl\/index.php?rest_route=\/wp\/v2\/types\/page"}],"author":[{"embeddable":true,"href":"https:\/\/www.colegiohsa.cl\/index.php?rest_route=\/wp\/v2\/users\/1"}],"replies":[{"embeddable":true,"href":"https:\/\/www.colegiohsa.cl\/index.php?rest_route=%2Fwp%2Fv2%2Fcomments&post=2163"}],"version-history":[{"count":10,"href":"https:\/\/www.colegiohsa.cl\/index.php?rest_route=\/wp\/v2\/pages\/2163\/revisions"}],"predecessor-version":[{"id":3564,"href":"https:\/\/www.colegiohsa.cl\/index.php?rest_route=\/wp\/v2\/pages\/2163\/revisions\/3564"}],"wp:attachment":[{"href":"https:\/\/www.colegiohsa.cl\/index.php?rest_route=%2Fwp%2Fv2%2Fmedia&parent=2163"}],"curies":[{"name":"wp","href":"https:\/\/api.w.org\/{rel}","templated":true}]}}