{"id":2132,"date":"2014-08-14T11:57:35","date_gmt":"2014-08-14T15:57:35","guid":{"rendered":"http:\/\/colegiohsa.cl\/?page_id=2132"},"modified":"2021-01-18T09:12:34","modified_gmt":"2021-01-18T13:12:34","slug":"vision-y-mision","status":"publish","type":"page","link":"https:\/\/www.colegiohsa.cl\/?page_id=2132","title":{"rendered":"Visi\u00f3n y Misi\u00f3n"},"content":{"rendered":"<p>&nbsp;<\/p>\n<p><strong>Visi\u00f3n<\/strong><\/p>\n<p style=\"text-align: justify;\">Nuestro proyecto educativo inspirado en el evangelio y en el magisterio de la iglesia cat\u00f3lica est\u00e1 orientado a promover en las estudiantes una formaci\u00f3n integral, val\u00f3rica-cristiana, que permita a nuestras j\u00f3venes insertarse con competencia, creatividad, autonom\u00eda y liderazgo positivo a los requerimientos y necesidades de la sociedad, contribuyendo con profundo sentido evang\u00e9lico y social a la construcci\u00f3n de este nuevo tiempo de la historia, con el esp\u00edritu de la familia de Santa Ana.<\/p>\n<p><strong>Misi\u00f3n<\/strong><\/p>\n<p style=\"text-align: justify;\">Nuestra comunidad educativa tiene como misi\u00f3n, formar ni\u00f1as y j\u00f3venes con valores y principios cat\u00f3lico-cristianos a imagen de la Virgen Mar\u00eda, Hija de Santa Ana, entreg\u00e1ndoles una s\u00f3lida formaci\u00f3n acad\u00e9mica, humana y espiritual que les permita insertarse en el mundo t\u00e9cnico profesional o de estudios superiores, con las competencias y habilidades necesarias que favorezcan su incorporaci\u00f3n a la sociedad como l\u00edderes positivos de cambio.<\/p>\n","protected":false},"excerpt":{"rendered":"<p>&nbsp; Visi\u00f3n Nuestro proyecto educativo inspirado en el evangelio y en el magisterio de la iglesia cat\u00f3lica est\u00e1 orientado a promover en las estudiantes una formaci\u00f3n integral, val\u00f3rica-cristiana, que permita a nuestras j\u00f3venes insertarse con competencia, creatividad, autonom\u00eda y liderazgo positivo a los requerimientos y necesidades de la sociedad, contribuyendo con profundo sentido evang\u00e9lico y <a class=\"read-more\" href=\"https:\/\/www.colegiohsa.cl\/?page_id=2132\">Continuar Leyendo&#8230;<\/a><\/p>\n","protected":false},"author":1,"featured_media":0,"parent":0,"menu_order":0,"comment_status":"closed","ping_status":"open","template":"","meta":{"spay_email":""},"_links":{"self":[{"href":"https:\/\/www.colegiohsa.cl\/index.php?rest_route=\/wp\/v2\/pages\/2132"}],"collection":[{"href":"https:\/\/www.colegiohsa.cl\/index.php?rest_route=\/wp\/v2\/pages"}],"about":[{"href":"https:\/\/www.colegiohsa.cl\/index.php?rest_route=\/wp\/v2\/types\/page"}],"author":[{"embeddable":true,"href":"https:\/\/www.colegiohsa.cl\/index.php?rest_route=\/wp\/v2\/users\/1"}],"replies":[{"embeddable":true,"href":"https:\/\/www.colegiohsa.cl\/index.php?rest_route=%2Fwp%2Fv2%2Fcomments&post=2132"}],"version-history":[{"count":8,"href":"https:\/\/www.colegiohsa.cl\/index.php?rest_route=\/wp\/v2\/pages\/2132\/revisions"}],"predecessor-version":[{"id":7172,"href":"https:\/\/www.colegiohsa.cl\/index.php?rest_route=\/wp\/v2\/pages\/2132\/revisions\/7172"}],"wp:attachment":[{"href":"https:\/\/www.colegiohsa.cl\/index.php?rest_route=%2Fwp%2Fv2%2Fmedia&parent=2132"}],"curies":[{"name":"wp","href":"https:\/\/api.w.org\/{rel}","templated":true}]}}